{"id":111,"date":"2016-08-14T09:43:14","date_gmt":"2016-08-14T09:43:14","guid":{"rendered":"http:\/\/jana-zemke.info\/?page_id=111"},"modified":"2025-12-24T12:14:03","modified_gmt":"2025-12-24T12:14:03","slug":"access-consciousness-bars","status":"publish","type":"page","link":"http:\/\/jana-zemke.info\/?page_id=111","title":{"rendered":"Access Consciousness Bars\u00ae"},"content":{"rendered":"<p><span style=\"font-weight: 400;\">In einer Access Bars\u00ae-Sitzung liegen Sie gem\u00fctlich auf einer Liege. <\/span><\/p>\n<p><span style=\"font-weight: 400;\">Ich werde 32 verschiedene Punkte an ihrem Kopf sanft ber\u00fchren. Diese Punkte stehen f\u00fcr bestimmte Bereiche in Ihrem Leben, wie zum Beispiel <\/span><\/p>\n<ul>\n<li><span style=\"font-weight: 400;\">Heilung<\/span><\/li>\n<li><span style=\"font-weight: 400;\">K\u00f6rper<\/span><\/li>\n<li><span style=\"font-weight: 400;\">Freude<\/span><\/li>\n<li><span style=\"font-weight: 400;\">Kreativit\u00e4t<\/span><\/li>\n<li><span style=\"font-weight: 400;\">Geld<\/span><\/li>\n<li><span style=\"font-weight: 400;\">Kommunikation<\/span><\/li>\n<li><span style=\"font-weight: 400;\">Sexualit\u00e4t<\/span><\/li>\n<li><span style=\"font-weight: 400;\">Dankbarkeit<\/span><\/li>\n<li><span style=\"font-weight: 400;\">Frieden<\/span><\/li>\n<li><span style=\"font-weight: 400;\">Ruhe,&#8230; <\/span><\/li>\n<\/ul>\n<p>&nbsp;<\/p>\n<p><span style=\"font-weight: 400;\">So ist es durch die Sitzung m\u00f6glich, dass Sie Ihre erlernten Beschr\u00e4nkungen in diesem Bereich loslassen, egal wie alt diese sind. Folglich kann es passieren, dass Sie\u00a0<\/span><\/p>\n<ul>\n<li>besser schlafen<\/li>\n<li>Ihr Gedankenkarussell oder den inneren Antreiber beruhigen<\/li>\n<li>Beziehungen verbessern<\/li>\n<li>sich aktiver und wacher f\u00fchlen<\/li>\n<li>leichter und freudiger durchs Leben gehen<\/li>\n<\/ul>\n<p><span style=\"color: #000000;\">Im schlechtesten Fall bekommen Sie\u00a0eine entspannende Massage und im besten Fall ver\u00e4ndert sich Ihr Leben zu Freude und Leichtigkeit.<\/span><\/p>\n<h1><span style=\"color: #339966;\"><i><span style=\"font-weight: 400;\">\u201eAlles im Leben kommt zu mir mit Leichtigkeit und Freude und Herrlichkeit\u201c<\/span><\/i><\/span><\/h1>\n<p>Das Mantra von Access Consciousness<\/p>\n<p>&nbsp;<\/p>\n<p>Termine nach Absprache<\/p>\n<p>1 Sitzung 60 Minuten 75\u20ac<\/p>\n<p>&nbsp;<\/p>\n","protected":false},"excerpt":{"rendered":"<p>In einer Access Bars\u00ae-Sitzung liegen Sie gem\u00fctlich auf einer Liege. Ich werde 32 verschiedene Punkte an ihrem Kopf sanft ber\u00fchren. Diese Punkte stehen f\u00fcr bestimmte Bereiche in Ihrem Leben, wie zum Beispiel Heilung K\u00f6rper Freude Kreativit\u00e4t Geld Kommunikation Sexualit\u00e4t Dankbarkeit Frieden Ruhe,&#8230; &nbsp; So ist es durch die Sitzung m\u00f6glich, dass Sie Ihre erlernten Beschr\u00e4nkungen &hellip; <a href=\"http:\/\/jana-zemke.info\/?page_id=111\" class=\"more-link\"><span class=\"screen-reader-text\">\u201eAccess Consciousness Bars\u00ae\u201c <\/span>weiterlesen<\/a><\/p>\n","protected":false},"author":2,"featured_media":0,"parent":0,"menu_order":0,"comment_status":"closed","ping_status":"closed","template":"","meta":{"footnotes":""},"class_list":["post-111","page","type-page","status-publish","hentry"],"_links":{"self":[{"href":"http:\/\/jana-zemke.info\/index.php?rest_route=\/wp\/v2\/pages\/111","targetHints":{"allow":["GET"]}}],"collection":[{"href":"http:\/\/jana-zemke.info\/index.php?rest_route=\/wp\/v2\/pages"}],"about":[{"href":"http:\/\/jana-zemke.info\/index.php?rest_route=\/wp\/v2\/types\/page"}],"author":[{"embeddable":true,"href":"http:\/\/jana-zemke.info\/index.php?rest_route=\/wp\/v2\/users\/2"}],"replies":[{"embeddable":true,"href":"http:\/\/jana-zemke.info\/index.php?rest_route=%2Fwp%2Fv2%2Fcomments&post=111"}],"version-history":[{"count":9,"href":"http:\/\/jana-zemke.info\/index.php?rest_route=\/wp\/v2\/pages\/111\/revisions"}],"predecessor-version":[{"id":351,"href":"http:\/\/jana-zemke.info\/index.php?rest_route=\/wp\/v2\/pages\/111\/revisions\/351"}],"wp:attachment":[{"href":"http:\/\/jana-zemke.info\/index.php?rest_route=%2Fwp%2Fv2%2Fmedia&parent=111"}],"curies":[{"name":"wp","href":"https:\/\/api.w.org\/{rel}","templated":true}]}}