{"id":33,"date":"2016-08-04T06:46:07","date_gmt":"2016-08-04T06:46:07","guid":{"rendered":"http:\/\/jana-zemke.info\/?page_id=33"},"modified":"2025-12-24T12:10:11","modified_gmt":"2025-12-24T12:10:11","slug":"reiki","status":"publish","type":"page","link":"http:\/\/jana-zemke.info\/?page_id=33","title":{"rendered":"Reiki"},"content":{"rendered":"<h1><span style=\"font-weight: 400;\">Was ist ReiKi?<\/span><\/h1>\n<p>&nbsp;<\/p>\n<p><span style=\"font-weight: 400;\">Das Wort ReiKi kommt aus Japan und verbindet <\/span><\/p>\n<p><b>Rei<\/b><span style=\"font-weight: 400;\"> &#8211; die universelle Lebensenergie, mit <\/span><\/p>\n<p><b>Ki<\/b><span style=\"font-weight: 400;\"> &#8211; der individuellen Lebensenergie. <\/span><\/p>\n<p><span style=\"font-weight: 400;\">Solange ein Lebewesen leben, flie\u00dft Ki in ihnen.<\/span><\/p>\n<p><span style=\"font-weight: 400;\">ReiKi wirkt auf <\/span><\/p>\n<ul>\n<li><span style=\"font-weight: 400;\">der k\u00f6rperlichen,<\/span><\/li>\n<li>der emotionalen,<\/li>\n<li>der mentalen und<\/li>\n<li>der spirituellen Ebene.<\/li>\n<\/ul>\n<p>&nbsp;<\/p>\n<p><span style=\"font-weight: 400;\">Somit ist ReiKi als ganzheitliche, energetische Erg\u00e4nzung zur medizinischen Behandlung zu sehen und behandelt die Ebenen, auf die die Schulmedizin keinen Einflu\u00df hat. Wobei ReiKi nicht manipulativ ist, das hei\u00dft der Organismus des Empf\u00e4ngers bestimmt die Energie, die er bekommt.<\/span><\/p>\n<p>&nbsp;<\/p>\n<p><span style=\"font-weight: 400;\">Bei einer ReiKi-Anwendung kann der \u2018Patient\u2019 bekleidet bleiben, da die Energie alles durchdringt, lediglich metallische Gegenst\u00e4nde sollten abgelegt werden.<\/span><\/p>\n<p>&nbsp;<\/p>\n<p><span style=\"font-weight: 400;\">Termine nach Absprache<\/span><\/p>\n<p><span style=\"font-weight: 400;\">Bitte nehmen Sie sich 45 &#8211; 60 Minuten Zeit f\u00fcr diese Anwendung.<\/span><\/p>\n<p><span style=\"font-weight: 400;\">Kosten: 60 \u20ac<\/span><\/p>\n","protected":false},"excerpt":{"rendered":"<p>Was ist ReiKi? &nbsp; Das Wort ReiKi kommt aus Japan und verbindet Rei &#8211; die universelle Lebensenergie, mit Ki &#8211; der individuellen Lebensenergie. Solange ein Lebewesen leben, flie\u00dft Ki in ihnen. ReiKi wirkt auf der k\u00f6rperlichen, der emotionalen, der mentalen und der spirituellen Ebene. &nbsp; Somit ist ReiKi als ganzheitliche, energetische Erg\u00e4nzung zur medizinischen Behandlung &hellip; <a href=\"http:\/\/jana-zemke.info\/?page_id=33\" class=\"more-link\"><span class=\"screen-reader-text\">\u201eReiki\u201c <\/span>weiterlesen<\/a><\/p>\n","protected":false},"author":2,"featured_media":0,"parent":0,"menu_order":0,"comment_status":"closed","ping_status":"closed","template":"","meta":{"footnotes":""},"class_list":["post-33","page","type-page","status-publish","hentry"],"_links":{"self":[{"href":"http:\/\/jana-zemke.info\/index.php?rest_route=\/wp\/v2\/pages\/33","targetHints":{"allow":["GET"]}}],"collection":[{"href":"http:\/\/jana-zemke.info\/index.php?rest_route=\/wp\/v2\/pages"}],"about":[{"href":"http:\/\/jana-zemke.info\/index.php?rest_route=\/wp\/v2\/types\/page"}],"author":[{"embeddable":true,"href":"http:\/\/jana-zemke.info\/index.php?rest_route=\/wp\/v2\/users\/2"}],"replies":[{"embeddable":true,"href":"http:\/\/jana-zemke.info\/index.php?rest_route=%2Fwp%2Fv2%2Fcomments&post=33"}],"version-history":[{"count":7,"href":"http:\/\/jana-zemke.info\/index.php?rest_route=\/wp\/v2\/pages\/33\/revisions"}],"predecessor-version":[{"id":349,"href":"http:\/\/jana-zemke.info\/index.php?rest_route=\/wp\/v2\/pages\/33\/revisions\/349"}],"wp:attachment":[{"href":"http:\/\/jana-zemke.info\/index.php?rest_route=%2Fwp%2Fv2%2Fmedia&parent=33"}],"curies":[{"name":"wp","href":"https:\/\/api.w.org\/{rel}","templated":true}]}}