{"id":8,"date":"2016-07-29T09:27:40","date_gmt":"2016-07-29T09:27:40","guid":{"rendered":"http:\/\/jana-zemke.info\/?page_id=8"},"modified":"2016-08-11T18:52:28","modified_gmt":"2016-08-11T18:52:28","slug":"home","status":"publish","type":"page","link":"http:\/\/jana-zemke.info\/","title":{"rendered":"Home"},"content":{"rendered":"<h1 style=\"text-align: center;\">Da es sehr f\u00f6rderlich<\/h1>\n<h1 style=\"text-align: center;\">f\u00fcr die Gesundheit ist,<\/h1>\n<h1 style=\"text-align: center;\">habe ich beschlossen<\/h1>\n<h1 style=\"text-align: center;\">gl\u00fccklich zu sein.<\/h1>\n<h2 style=\"text-align: center;\">\u00a0 \u00a0 \u00a0 \u00a0 \u00a0 \u00a0 \u00a0 \u00a0 \u00a0 \u00a0 \u00a0 \u00a0 \u00a0 \u00a0 \u00a0 \u00a0 \u00a0 \u00a0 \u00a0 \u00a0 \u00a0 \u00a0 \u00a0 \u00a0 \u00a0 \u00a0 \u00a0 \u00a0 \u00a0 Voltaire<\/h2>\n","protected":false},"excerpt":{"rendered":"<p>Da es sehr f\u00f6rderlich f\u00fcr die Gesundheit ist, habe ich beschlossen gl\u00fccklich zu sein. \u00a0 \u00a0 \u00a0 \u00a0 \u00a0 \u00a0 \u00a0 \u00a0 \u00a0 \u00a0 \u00a0 \u00a0 \u00a0 \u00a0 \u00a0 \u00a0 \u00a0 \u00a0 \u00a0 \u00a0 \u00a0 \u00a0 \u00a0 \u00a0 \u00a0 \u00a0 \u00a0 \u00a0 \u00a0 Voltaire<\/p>\n","protected":false},"author":2,"featured_media":0,"parent":0,"menu_order":0,"comment_status":"closed","ping_status":"closed","template":"","meta":{"footnotes":""},"class_list":["post-8","page","type-page","status-publish","hentry"],"_links":{"self":[{"href":"http:\/\/jana-zemke.info\/index.php?rest_route=\/wp\/v2\/pages\/8","targetHints":{"allow":["GET"]}}],"collection":[{"href":"http:\/\/jana-zemke.info\/index.php?rest_route=\/wp\/v2\/pages"}],"about":[{"href":"http:\/\/jana-zemke.info\/index.php?rest_route=\/wp\/v2\/types\/page"}],"author":[{"embeddable":true,"href":"http:\/\/jana-zemke.info\/index.php?rest_route=\/wp\/v2\/users\/2"}],"replies":[{"embeddable":true,"href":"http:\/\/jana-zemke.info\/index.php?rest_route=%2Fwp%2Fv2%2Fcomments&post=8"}],"version-history":[{"count":7,"href":"http:\/\/jana-zemke.info\/index.php?rest_route=\/wp\/v2\/pages\/8\/revisions"}],"predecessor-version":[{"id":110,"href":"http:\/\/jana-zemke.info\/index.php?rest_route=\/wp\/v2\/pages\/8\/revisions\/110"}],"wp:attachment":[{"href":"http:\/\/jana-zemke.info\/index.php?rest_route=%2Fwp%2Fv2%2Fmedia&parent=8"}],"curies":[{"name":"wp","href":"https:\/\/api.w.org\/{rel}","templated":true}]}}